{"id":833,"date":"2013-10-26T17:50:00","date_gmt":"2013-10-26T16:50:00","guid":{"rendered":"http:\/\/ullenboom.de\/reiseblog\/?page_id=833"},"modified":"2015-01-15T00:23:14","modified_gmt":"2015-01-14T23:23:14","slug":"ueber-christian","status":"publish","type":"page","link":"https:\/\/ullenboom.de\/reiseblog\/ueber-christian\/","title":{"rendered":"\u00dcber Christian"},"content":{"rendered":"<p>Eigentlich bin ich ein bequemer Stubenhocker. Mit F\u00fcnf Freunden und Drei Fragezeichen bin ich aufgewachsen, in den 80er-Jahren folgten Heimcomputer, ich programmierte viel, las Computerb\u00fccher, studierte dann nach dem Abi Informatik und Psychologie. Im Grunde ein Nerd-Leben. Als ich dann als IT-Trainer arbeitete, <a href=\"http:\/\/tutego.de\/javabuch\/\">Java-B\u00fccher<\/a> schrieb, und ein paar Jahre sp\u00e4ter das Schulungsunternehmen <a href=\"http:\/\/tutego.de\">tutego <\/a>gr\u00fcndete, entwickelte sich tutego als Selbstl\u00e4ufer und ich hatte Zeit \u2013 zu viel Zeit.<\/p>\n<p>Das Auslandsjournal, Weltbilder und Weltspiegel begleiten mich seit Jahrzehnten und bringen mir die ferne Welt nahe. Zuhause ist es sch\u00f6n, doch woanders ist es auch toll (oder echt kacke). So richtig mit dem Aufbruch fing es 2001 an, als ich meine Eltern auf ihrer Marathon-Reise nach Hongkong begleitete. Es folgten Monate in Asien und Afrika.\u00a0W\u00e4hrend ich am Anfang das Reisen als fortw\u00e4hrendes Abharken von Sehensw\u00fcrdigkeiten empfand, ist der Aufenthalt im Ausland heute entspannter; ich lebe an Pl\u00e4tzen, an denen es mir gef\u00e4llt und gehe meiner Arbeit nach. Eine Wohnung habe ich in Sonsbeck, Dortmund und Manila.<\/p>\n","protected":false},"excerpt":{"rendered":"<p>Eigentlich bin ich ein bequemer Stubenhocker. Mit F\u00fcnf Freunden und Drei Fragezeichen bin ich aufgewachsen, in den 80er-Jahren folgten Heimcomputer, ich programmierte viel, las Computerb\u00fccher, studierte dann nach dem Abi Informatik und Psychologie. Im Grunde ein Nerd-Leben. Als ich dann als IT-Trainer arbeitete, Java-B\u00fccher schrieb, und ein paar Jahre sp\u00e4ter das Schulungsunternehmen tutego gr\u00fcndete, entwickelte &hellip; <a href=\"https:\/\/ullenboom.de\/reiseblog\/ueber-christian\/\" class=\"more-link\"><span class=\"screen-reader-text\">\u00dcber Christian<\/span> weiterlesen <span class=\"meta-nav\">&rarr;<\/span><\/a><\/p>\n","protected":false},"author":1,"featured_media":0,"parent":0,"menu_order":1,"comment_status":"open","ping_status":"open","template":"","meta":{"footnotes":""},"class_list":["post-833","page","type-page","status-publish","hentry"],"_links":{"self":[{"href":"https:\/\/ullenboom.de\/reiseblog\/wp-json\/wp\/v2\/pages\/833","targetHints":{"allow":["GET"]}}],"collection":[{"href":"https:\/\/ullenboom.de\/reiseblog\/wp-json\/wp\/v2\/pages"}],"about":[{"href":"https:\/\/ullenboom.de\/reiseblog\/wp-json\/wp\/v2\/types\/page"}],"author":[{"embeddable":true,"href":"https:\/\/ullenboom.de\/reiseblog\/wp-json\/wp\/v2\/users\/1"}],"replies":[{"embeddable":true,"href":"https:\/\/ullenboom.de\/reiseblog\/wp-json\/wp\/v2\/comments?post=833"}],"version-history":[{"count":5,"href":"https:\/\/ullenboom.de\/reiseblog\/wp-json\/wp\/v2\/pages\/833\/revisions"}],"predecessor-version":[{"id":1009,"href":"https:\/\/ullenboom.de\/reiseblog\/wp-json\/wp\/v2\/pages\/833\/revisions\/1009"}],"wp:attachment":[{"href":"https:\/\/ullenboom.de\/reiseblog\/wp-json\/wp\/v2\/media?parent=833"}],"curies":[{"name":"wp","href":"https:\/\/api.w.org\/{rel}","templated":true}]}}